{"id":805,"date":"2020-09-05T01:23:05","date_gmt":"2020-09-04T23:23:05","guid":{"rendered":"https:\/\/bxstone-jajce.com\/?page_id=805"},"modified":"2020-09-06T00:03:08","modified_gmt":"2020-09-05T22:03:08","slug":"about-us","status":"publish","type":"page","link":"https:\/\/bxstone-jajce.com\/en\/about-us\/","title":{"rendered":"About us"},"content":{"rendered":"<div class=\"wpb-content-wrapper\">[vc_row full_width=&#8221;stretch_row&#8221; bg_type=&#8221;image&#8221; parallax_style=&#8221;vcpb-default&#8221; bg_image_new=&#8221;id^105|url^https:\/\/bxstone-jajce.com\/datoteke\/2020\/08\/pozadina-video.jpg|caption^null|alt^null|title^pozadina-video|description^null&#8221; bg_image_repeat=&#8221;no-repeat&#8221; enable_overlay=&#8221;enable_overlay_value&#8221; overlay_color=&#8221;rgba(0,0,0,0.75)&#8221; el_class=&#8221;stranica-header&#8221;][vc_column width=&#8221;1\/6&#8243;][\/vc_column][vc_column width=&#8221;2\/3&#8243;][vc_column_text el_class=&#8221;naslov-header&#8221;]\n<h1>About us<\/h1>\n[\/vc_column_text][\/vc_column][vc_column width=&#8221;1\/6&#8243;][\/vc_column][\/vc_row][vc_row el_class=&#8221;onama-sekcija&#8221;][vc_column width=&#8221;1\/2&#8243;][vc_single_image image=&#8221;100&#8243; img_size=&#8221;full&#8221; alignment=&#8221;center&#8221;][\/vc_column][vc_column width=&#8221;1\/2&#8243;][vc_column_text el_class=&#8221;onama&#8221;]\n<h2>COMPANY HISTORY<\/h2>\n<h3>From 2014 until today<\/h3>\n[\/vc_column_text][vc_column_text el_class=&#8221;onamatext&#8221;]Bauxite mines o.d.d. Jajce as Founders and Owners of the Company \u201cBX Stone\u201d d.o.o. which was founded in 2014, started with the exploitation of architectural building stone.<\/p>\n<p>Exploitation is done on two exploitation fields.<br \/>\nThe exploitation of the Red Rocks is in three exploitation fields of crushed wheat. In the field of Poljana, in the second exploitation field, a grain of several layers is exploited, which can differ from white to more grayish colors, with the fossil remains of seashells, snails, and other marine microorganisms.[\/vc_column_text][\/vc_column][\/vc_row][vc_row][vc_column][vc_column_text el_class=&#8221;onama&#8221;]\n<h2>QUARRIES<\/h2>\n<h3>Exploitation is being done at the Poljana and Red Rocks quarries<\/h3>\n[\/vc_column_text][vc_row_inner][vc_column_inner width=&#8221;1\/3&#8243;][vc_single_image image=&#8221;94&#8243; img_size=&#8221;full&#8221; alignment=&#8221;center&#8221; onclick=&#8221;custom_link&#8221; css=&#8221;.vc_custom_1599309235773{margin-bottom: 0px !important;border-bottom-width: 1px !important;padding-bottom: 0px !important;border-bottom-color: #ffffff !important;border-bottom-style: solid !important;}&#8221; link=&#8221;https:\/\/bxstone-jajce.com\/en\/quarry-red-rocks\/&#8221;][vc_column_text el_class=&#8221;boxovi&#8221;]\n<h3>QUARRY &#8220;RED ROCKS&#8221;<\/h3>\n<p>Exploitation on Red Rocks is in three exploitation fields of coarse-grained breccia.<\/p>\n<p><a class=\"hvr-forward\" href=\"https:\/\/bxstone-jajce.com\/en\/quarry-red-rocks\/\">Read more<\/a>[\/vc_column_text][\/vc_column_inner][vc_column_inner width=&#8221;1\/3&#8243;][vc_single_image image=&#8221;225&#8243; img_size=&#8221;full&#8221; alignment=&#8221;center&#8221; onclick=&#8221;custom_link&#8221; css=&#8221;.vc_custom_1599309254231{margin-bottom: 0px !important;border-bottom-width: 1px !important;padding-bottom: 0px !important;border-bottom-color: #ffffff !important;border-bottom-style: solid !important;}&#8221; link=&#8221;https:\/\/bxstone-jajce.com\/en\/quarry-poljane\/&#8221;][vc_column_text el_class=&#8221;boxovi&#8221;]\n<h3>QUARRY &#8220;POLJANE&#8221;<\/h3>\n<p>In the area of \u200b\u200bPoljane, in the second exploitation field, fine-grained breccia is exploited in several layers.<\/p>\n<p><a class=\"hvr-forward\" href=\"https:\/\/bxstone-jajce.com\/en\/quarry-poljane\/\">Read more<\/a>[\/vc_column_text][\/vc_column_inner][vc_column_inner width=&#8221;1\/3&#8243;][vc_single_image image=&#8221;229&#8243; img_size=&#8221;full&#8221; alignment=&#8221;center&#8221; onclick=&#8221;custom_link&#8221; img_link_target=&#8221;_blank&#8221; css=&#8221;.vc_custom_1599309283566{margin-bottom: 0px !important;border-bottom-width: 1px !important;padding-bottom: 0px !important;border-bottom-color: #ffffff !important;border-bottom-style: solid !important;}&#8221; link=&#8221;https:\/\/bxstone-jajce.com\/datoteke\/2020\/08\/BX-Kamen-Katalog-2020-1.pdf&#8221;][vc_column_text el_class=&#8221;katalog&#8221;]\n<h3>OUR CATALOG<\/h3>\n<p>Catalogs are available in both printed and PDF versions. Download our catalog to see our products and references.<\/p>\n<p><a class=\"hvr-forward\" href=\"https:\/\/bxstone-jajce.com\/datoteke\/2020\/08\/BX-Kamen-Katalog-2020-1.pdf\" target=\"_blank\" rel=\"noopener noreferrer\">PDF CATALOG 2020<\/a>[\/vc_column_text][\/vc_column_inner][\/vc_row_inner][\/vc_column][\/vc_row][vc_row el_class=&#8221;bonitetnaocjena&#8221;][vc_column width=&#8221;1\/6&#8243;][\/vc_column][vc_column width=&#8221;2\/3&#8243;][vc_column_text]\n<div class=\"bonitet2\">\n<div class=\"companywall1\"><a href=\"https:\/\/bxstone-jajce.com\/datoteke\/2020\/09\/bx_kamen_bonitet.pdf\" target=\"_blank\" rel=\"noopener noreferrer\"><img decoding=\"async\" src=\"https:\/\/bxstone-jajce.com\/datoteke\/2020\/09\/company-wall-bonitet.png\" \/><\/a><\/div>\n<div class=\"companywall2\">\n<p><em>The company is proud of one of the highest credit ratings<\/em><\/p>\n<h3>&#8220;BX KAMEN&#8221; dru\u0161tvo s ograni\u010denom odgovorno\u0161\u0107u Jajce<\/h3>\n<p>Mat. br.: 51-01-0587 &#8211; Companywall d.o.o., 31.12.2019.<\/p>\n<\/div>\n<div class=\"companywall3\"><a href=\"https:\/\/companywall.ba\" target=\"_blank\" rel=\"noopener noreferrer\"><img decoding=\"async\" src=\"https:\/\/bxstone-jajce.com\/datoteke\/2020\/09\/company-wall-bonitet-3.png\" \/><\/a><\/div>\n<\/div>\n[\/vc_column_text][\/vc_column][vc_column width=&#8221;1\/6&#8243;][\/vc_column][\/vc_row]\n<\/div>","protected":false},"excerpt":{"rendered":"<p>[vc_row full_width=&#8221;stretch_row&#8221; bg_type=&#8221;image&#8221; parallax_style=&#8221;vcpb-default&#8221; bg_image_new=&#8221;id^105|url^https:\/\/bxstone-jajce.com\/datoteke\/2020\/08\/pozadina-video.jpg|caption^null|alt^null|title^pozadina-video|description^null&#8221; bg_image_repeat=&#8221;no-repeat&#8221; enable_overlay=&#8221;enable_overlay_value&#8221; overlay_color=&#8221;rgba(0,0,0,0.75)&#8221; el_class=&#8221;stranica-header&#8221;][vc_column width=&#8221;1\/6&#8243;][\/vc_column][vc_column width=&#8221;2\/3&#8243;][vc_column_text el_class=&#8221;naslov-header&#8221;] About us [\/vc_column_text][\/vc_column][vc_column width=&#8221;1\/6&#8243;][\/vc_column][\/vc_row][vc_row el_class=&#8221;onama-sekcija&#8221;][vc_column width=&#8221;1\/2&#8243;][vc_single_image&hellip; <a class=\"read-more-link\" href=\"https:\/\/bxstone-jajce.com\/en\/about-us\/\">Cijeli tekst<\/a><\/p>\n","protected":false},"author":1,"featured_media":624,"parent":0,"menu_order":0,"comment_status":"closed","ping_status":"closed","template":"page-FullWidth.php","meta":{"_exactmetrics_skip_tracking":false,"_exactmetrics_sitenote_active":false,"_exactmetrics_sitenote_note":"","_exactmetrics_sitenote_category":0,"footnotes":""},"class_list":["post-805","page","type-page","status-publish","has-post-thumbnail","hentry"],"_links":{"self":[{"href":"https:\/\/bxstone-jajce.com\/en\/wp-json\/wp\/v2\/pages\/805","targetHints":{"allow":["GET"]}}],"collection":[{"href":"https:\/\/bxstone-jajce.com\/en\/wp-json\/wp\/v2\/pages"}],"about":[{"href":"https:\/\/bxstone-jajce.com\/en\/wp-json\/wp\/v2\/types\/page"}],"author":[{"embeddable":true,"href":"https:\/\/bxstone-jajce.com\/en\/wp-json\/wp\/v2\/users\/1"}],"replies":[{"embeddable":true,"href":"https:\/\/bxstone-jajce.com\/en\/wp-json\/wp\/v2\/comments?post=805"}],"version-history":[{"count":12,"href":"https:\/\/bxstone-jajce.com\/en\/wp-json\/wp\/v2\/pages\/805\/revisions"}],"predecessor-version":[{"id":948,"href":"https:\/\/bxstone-jajce.com\/en\/wp-json\/wp\/v2\/pages\/805\/revisions\/948"}],"wp:featuredmedia":[{"embeddable":true,"href":"https:\/\/bxstone-jajce.com\/en\/wp-json\/wp\/v2\/media\/624"}],"wp:attachment":[{"href":"https:\/\/bxstone-jajce.com\/en\/wp-json\/wp\/v2\/media?parent=805"}],"curies":[{"name":"wp","href":"https:\/\/api.w.org\/{rel}","templated":true}]}}